{"id":57,"date":"2024-06-27T20:27:40","date_gmt":"2024-06-27T18:27:40","guid":{"rendered":"https:\/\/dlrk.dk\/fyn\/?page_id=57"},"modified":"2026-02-23T18:39:14","modified_gmt":"2026-02-23T17:39:14","slug":"kontakt-lister","status":"publish","type":"page","link":"https:\/\/dlrk.dk\/fyn\/kontakt-lister\/","title":{"rendered":"Kontakt Personer"},"content":{"rendered":"\n<p class=\"has-medium-font-size\"><strong>bestyrelses ( telefon tid 16-20 eller skriv sms til os<\/strong> )<\/p>\n\n\n\n<p>Regionslender; Anders Jacobsen mobil: 26798448<\/p>\n\n\n\n<p>Kasser; Niels Erik Hansen 3621 mobil: 25540570<\/p>\n\n\n\n<p>Sekret\u00e6r; Uffe Sejersen<\/p>\n\n\n\n<p>Bestyrelsesmedlem; Claus Johansen <\/p>\n\n\n\n<p>Bestyrelsesmedlem; Lars Ly\u00f8<\/p>\n\n\n\n<p>Suppleant; Leif Jacobsen<\/p>\n\n\n\n<p class=\"has-medium-font-size\"><strong>K\u00f8rsels instrukt\u00f8r<\/strong><\/p>\n\n\n\n<p>Niels Erik Hansen        3621<\/p>\n\n\n\n<p>Claus Johansen             5542<\/p>\n\n\n\n<p class=\"has-medium-font-size\"><strong>Agern\u00e6s udvalg<\/strong><\/p>\n\n\n\n<p>Kim Villadsen (ejer)     5467<\/p>\n\n\n\n<p><\/p>\n\n\n\n<p><\/p>\n\n\n\n<p><\/p>\n","protected":false},"excerpt":{"rendered":"<p>bestyrelses ( telefon tid 16-20 eller skriv sms til os ) Regionslender; Anders Jacobsen mobil: 26798448 Kasser; Niels Erik Hansen 3621 mobil: 25540570 Sekret\u00e6r; Uffe Sejersen Bestyrelsesmedlem; Claus Johansen Bestyrelsesmedlem; Lars Ly\u00f8 Suppleant; Leif Jacobsen K\u00f8rsels instrukt\u00f8r Niels Erik Hansen &hellip; <a href=\"https:\/\/dlrk.dk\/fyn\/kontakt-lister\/\">L\u00e6s resten <span class=\"meta-nav\">&rarr;<\/span><\/a><\/p>\n","protected":false},"author":2,"featured_media":0,"parent":0,"menu_order":0,"comment_status":"closed","ping_status":"closed","template":"","meta":{"footnotes":""},"class_list":["post-57","page","type-page","status-publish","hentry"],"_links":{"self":[{"href":"https:\/\/dlrk.dk\/fyn\/wp-json\/wp\/v2\/pages\/57","targetHints":{"allow":["GET"]}}],"collection":[{"href":"https:\/\/dlrk.dk\/fyn\/wp-json\/wp\/v2\/pages"}],"about":[{"href":"https:\/\/dlrk.dk\/fyn\/wp-json\/wp\/v2\/types\/page"}],"author":[{"embeddable":true,"href":"https:\/\/dlrk.dk\/fyn\/wp-json\/wp\/v2\/users\/2"}],"replies":[{"embeddable":true,"href":"https:\/\/dlrk.dk\/fyn\/wp-json\/wp\/v2\/comments?post=57"}],"version-history":[{"count":15,"href":"https:\/\/dlrk.dk\/fyn\/wp-json\/wp\/v2\/pages\/57\/revisions"}],"predecessor-version":[{"id":165,"href":"https:\/\/dlrk.dk\/fyn\/wp-json\/wp\/v2\/pages\/57\/revisions\/165"}],"wp:attachment":[{"href":"https:\/\/dlrk.dk\/fyn\/wp-json\/wp\/v2\/media?parent=57"}],"curies":[{"name":"wp","href":"https:\/\/api.w.org\/{rel}","templated":true}]}}