{"id":14,"date":"2025-03-30T13:50:15","date_gmt":"2025-03-30T11:50:15","guid":{"rendered":"http:\/\/dlrk.dk\/oestsjaelland\/?page_id=14"},"modified":"2025-03-31T19:47:36","modified_gmt":"2025-03-31T17:47:36","slug":"om-os","status":"publish","type":"page","link":"https:\/\/dlrk.dk\/oestsjaelland\/om-os\/","title":{"rendered":"Om os"},"content":{"rendered":"\n<h3 class=\"wp-block-heading\">Vi i region \u00d8stsj\u00e6lland holder til i hovedstadomr\u00e5det.<\/h3>\n\n\n\n<p>Vi afholder klubm\u00f8der, virksomheds bes\u00f8g, ture i det gr\u00f8nne og juletur.<\/p>\n\n\n\n<p>I \u00f8jeblikket har vi ikke noget fast tilholdssted, men laver popup arrangementer.<\/p>\n\n\n\n<p>Hvis du ligger inde med en ide om at lave et arrangement s\u00e5 kontakt os gerne.<\/p>\n\n\n\n<p>Med venlig hilsen <\/p>\n\n\n\n<p>Bestyrelsen.<\/p>\n","protected":false},"excerpt":{"rendered":"<p>Vi i region \u00d8stsj\u00e6lland holder til i hovedstadomr\u00e5det. Vi afholder klubm\u00f8der, virksomheds bes\u00f8g, ture i det gr\u00f8nne og juletur. I \u00f8jeblikket har vi ikke noget fast tilholdssted, men laver popup arrangementer. Hvis du ligger inde med en ide om at lave et arrangement s\u00e5 kontakt os gerne. Med venlig hilsen Bestyrelsen.<\/p>\n","protected":false},"author":2,"featured_media":0,"parent":0,"menu_order":0,"comment_status":"closed","ping_status":"closed","template":"","meta":{"footnotes":""},"class_list":["post-14","page","type-page","status-publish","hentry"],"_links":{"self":[{"href":"https:\/\/dlrk.dk\/oestsjaelland\/wp-json\/wp\/v2\/pages\/14","targetHints":{"allow":["GET"]}}],"collection":[{"href":"https:\/\/dlrk.dk\/oestsjaelland\/wp-json\/wp\/v2\/pages"}],"about":[{"href":"https:\/\/dlrk.dk\/oestsjaelland\/wp-json\/wp\/v2\/types\/page"}],"author":[{"embeddable":true,"href":"https:\/\/dlrk.dk\/oestsjaelland\/wp-json\/wp\/v2\/users\/2"}],"replies":[{"embeddable":true,"href":"https:\/\/dlrk.dk\/oestsjaelland\/wp-json\/wp\/v2\/comments?post=14"}],"version-history":[{"count":4,"href":"https:\/\/dlrk.dk\/oestsjaelland\/wp-json\/wp\/v2\/pages\/14\/revisions"}],"predecessor-version":[{"id":48,"href":"https:\/\/dlrk.dk\/oestsjaelland\/wp-json\/wp\/v2\/pages\/14\/revisions\/48"}],"wp:attachment":[{"href":"https:\/\/dlrk.dk\/oestsjaelland\/wp-json\/wp\/v2\/media?parent=14"}],"curies":[{"name":"wp","href":"https:\/\/api.w.org\/{rel}","templated":true}]}}