{"id":9,"date":"2025-03-30T13:48:57","date_gmt":"2025-03-30T11:48:57","guid":{"rendered":"http:\/\/dlrk.dk\/oestsjaelland\/?page_id=9"},"modified":"2026-03-28T10:50:22","modified_gmt":"2026-03-28T09:50:22","slug":"kommende-arrangementer","status":"publish","type":"page","link":"https:\/\/dlrk.dk\/oestsjaelland\/kommende-arrangementer\/","title":{"rendered":"Kommende arrangementer"},"content":{"rendered":"\n<p>En S\u00f8ndag p\u00e5 Amager<br>S\u00f8ndag den 3 maj kl.14:00 m\u00f8des vi til en lille Green Laneing p\u00e5 Sydamager.<br>Vi m\u00f8des Kystvejen 24, 2770 Kastrup, hvis man kommer af motorvejen, kan man dreje fra ved sidste afk\u00f8rsel f\u00f8r Sverige, afk\u00f8rsel 16, Lufthavn \u00d8st, s\u00e5 holder man sig ude af milj\u00f8 zonen.<br>Fra Kystvejen k\u00f8rer vi af sm\u00e5veje en tur p\u00e5 tv\u00e6rs af \u00f8en. Kaffepause holder vi ved<br>sydvestpynten, I medbringer selv kaffe og kage etc. Herefter k\u00f8rer vi til Drag\u00f8r og finder en isbod!<\/p>\n\n\n\n<p><br>S\u00f8ndag d. 3. maj 2026 kl.14:00<br>Kystvejen 24<br>2770 Kastrup<br>Region \u00d8stsj\u00e6lland<\/p>\n","protected":false},"excerpt":{"rendered":"<p>En S\u00f8ndag p\u00e5 AmagerS\u00f8ndag den 3 maj kl.14:00 m\u00f8des vi til en lille Green Laneing p\u00e5 Sydamager.Vi m\u00f8des Kystvejen 24, 2770 Kastrup, hvis man kommer af motorvejen, kan man dreje fra ved sidste afk\u00f8rsel f\u00f8r Sverige, afk\u00f8rsel 16, Lufthavn \u00d8st, s\u00e5 holder man sig ude af milj\u00f8 zonen.Fra Kystvejen k\u00f8rer vi af sm\u00e5veje en tur [&hellip;]<\/p>\n","protected":false},"author":2,"featured_media":0,"parent":0,"menu_order":0,"comment_status":"closed","ping_status":"closed","template":"","meta":{"footnotes":""},"class_list":["post-9","page","type-page","status-publish","hentry"],"_links":{"self":[{"href":"https:\/\/dlrk.dk\/oestsjaelland\/wp-json\/wp\/v2\/pages\/9","targetHints":{"allow":["GET"]}}],"collection":[{"href":"https:\/\/dlrk.dk\/oestsjaelland\/wp-json\/wp\/v2\/pages"}],"about":[{"href":"https:\/\/dlrk.dk\/oestsjaelland\/wp-json\/wp\/v2\/types\/page"}],"author":[{"embeddable":true,"href":"https:\/\/dlrk.dk\/oestsjaelland\/wp-json\/wp\/v2\/users\/2"}],"replies":[{"embeddable":true,"href":"https:\/\/dlrk.dk\/oestsjaelland\/wp-json\/wp\/v2\/comments?post=9"}],"version-history":[{"count":10,"href":"https:\/\/dlrk.dk\/oestsjaelland\/wp-json\/wp\/v2\/pages\/9\/revisions"}],"predecessor-version":[{"id":74,"href":"https:\/\/dlrk.dk\/oestsjaelland\/wp-json\/wp\/v2\/pages\/9\/revisions\/74"}],"wp:attachment":[{"href":"https:\/\/dlrk.dk\/oestsjaelland\/wp-json\/wp\/v2\/media?parent=9"}],"curies":[{"name":"wp","href":"https:\/\/api.w.org\/{rel}","templated":true}]}}